{"id":46,"date":"2025-10-21T16:17:17","date_gmt":"2025-10-21T14:17:17","guid":{"rendered":"https:\/\/uppe-podologue-equin.fr\/wp\/?page_id=46"},"modified":"2026-02-17T21:40:11","modified_gmt":"2026-02-17T20:40:11","slug":"notre-mission","status":"publish","type":"page","link":"https:\/\/uppe-podologue-equin.fr\/wp\/notre-mission\/","title":{"rendered":"Notre mission"},"content":{"rendered":"\n<p>L\u2019Union Professionnelle des Podologues \u00c9quins (<strong>UPPE<\/strong>) travaille pour l&rsquo;encadrement, la r\u00e9gularisation et la structuration de la profession \u00e9mergente de Podologue \u00e9quin.<\/p>\n\n\n\n<p>Nous cherchons \u00e0 regrouper les <strong>professionnels qualifi\u00e9s <\/strong>ayant pour activit\u00e9 de pr\u00e9server le fonctionnement physiologique et donc la bonne sant\u00e9 des pieds des \u00e9quid\u00e9s. Cette activit\u00e9 a endoss\u00e9 diff\u00e9rentes appellations au fil des ans comme \u00a0\u00bb <strong>pareur<\/strong> \u00ab\u00a0, \u00a0\u00bb <strong>p\u00e9dicure \u00e9quin<\/strong> \u00ab\u00a0, puis plus r\u00e9cemment \u00a0\u00bb <strong>podologue \u00e9quin<\/strong> \u00ab\u00a0.<\/p>\n\n\n\n<p><strong>Nos objectifs sont :<\/strong><\/p>\n\n\n\n<ul class=\"wp-block-list\">\n<li><strong>promouvoir <\/strong>la podologie \u00e9quine, la diffusion des connaissances et la formation continue dans ce domaine,<\/li>\n\n\n\n<li>proposer divers <strong>services <\/strong>\u00e0 nos adh\u00e9rents comme des colloques, des journ\u00e9es de stage \u00e0 th\u00e8me etc.,<\/li>\n\n\n\n<li><strong>maintenir \u00e0 jour<\/strong> des recensements socio-\u00e9conomiques sur les professionnels en activit\u00e9 en France,<\/li>\n\n\n\n<li>cr\u00e9er un <strong>r\u00e9f\u00e9rentiel professionnel <\/strong>afin de valoriser les bonnes pratiques dans le cadre du soin et du bien-\u00eatre animal,<\/li>\n\n\n\n<li>contribuer \u00e0 la mise en place d&rsquo;un <strong>r\u00e9f\u00e9rentiel de formation<\/strong> en collaboration avec les repr\u00e9sentants des \u00e9coles priv\u00e9es que nous reconnaissons comme solides et qualitatives,<\/li>\n\n\n\n<li>cr\u00e9er un <strong>r\u00e9f\u00e9rentiel d&rsquo;activit\u00e9s<\/strong>, ainsi qu&rsquo;une <strong>convention d&rsquo;exercice <\/strong>r\u00e9glement\u00e9 en collaboration avec l&rsquo;ordre national des v\u00e9t\u00e9rinaires,<\/li>\n\n\n\n<li>d\u00e9velopper la <strong>recherche scientifique<\/strong> et le d\u00e9veloppement de la podologie \u00e9quine dans le cursus v\u00e9t\u00e9rinaire,<\/li>\n\n\n\n<li>repr\u00e9senter et promouvoir la profession aupr\u00e8s des pouvoirs publics, administrations, groupements publics et priv\u00e9s ainsi que des propri\u00e9taires d&rsquo;\u00e9quid\u00e9s,<\/li>\n\n\n\n<li>cr\u00e9er un <strong>r\u00e9pertoire national<\/strong> des podologues \u00e9quins, ainsi qu&rsquo;une commission \u00e9thique et m\u00e9diation,<\/li>\n\n\n\n<li>inscrire la profession de podologue \u00e9quin au sein de l&rsquo;annuaire des activit\u00e9s et<strong> professions r\u00e9glement\u00e9es<\/strong> en France,<\/li>\n\n\n\n<li>obtenir la <strong>reconnaissance nationale <\/strong>de la profession, d\u00e9fendre les droits et les int\u00e9r\u00eats des podologues \u00e9quins y compris par voie d&rsquo;action en justice.<\/li>\n<\/ul>\n\n\n\n<figure class=\"wp-block-image size-large\"><img loading=\"lazy\" decoding=\"async\" width=\"1024\" height=\"507\" src=\"https:\/\/uppe-podologue-equin.fr\/wp\/wp-content\/uploads\/2026\/02\/DSCN7498-1-1024x507.jpg\" alt=\"\" class=\"wp-image-885\" srcset=\"https:\/\/uppe-podologue-equin.fr\/wp\/wp-content\/uploads\/2026\/02\/DSCN7498-1-1024x507.jpg 1024w, https:\/\/uppe-podologue-equin.fr\/wp\/wp-content\/uploads\/2026\/02\/DSCN7498-1-300x149.jpg 300w, https:\/\/uppe-podologue-equin.fr\/wp\/wp-content\/uploads\/2026\/02\/DSCN7498-1-768x380.jpg 768w, https:\/\/uppe-podologue-equin.fr\/wp\/wp-content\/uploads\/2026\/02\/DSCN7498-1-1536x761.jpg 1536w, https:\/\/uppe-podologue-equin.fr\/wp\/wp-content\/uploads\/2026\/02\/DSCN7498-1.jpg 2048w\" sizes=\"auto, (max-width: 1024px) 100vw, 1024px\" \/><\/figure>\n","protected":false},"excerpt":{"rendered":"<p>L\u2019Union Professionnelle des Podologues \u00c9quins (UPPE) travaille pour l&rsquo;encadrement, la r\u00e9gularisation et la structuration de la profession \u00e9mergente de Podologue [&hellip;]<\/p>\n","protected":false},"author":1,"featured_media":0,"parent":0,"menu_order":0,"comment_status":"closed","ping_status":"closed","template":"","meta":{"site-sidebar-layout":"default","site-content-layout":"","ast-site-content-layout":"default","site-content-style":"default","site-sidebar-style":"default","ast-global-header-display":"","ast-banner-title-visibility":"","ast-main-header-display":"","ast-hfb-above-header-display":"","ast-hfb-below-header-display":"","ast-hfb-mobile-header-display":"","site-post-title":"","ast-breadcrumbs-content":"","ast-featured-img":"","footer-sml-layout":"","ast-disable-related-posts":"","theme-transparent-header-meta":"","adv-header-id-meta":"","stick-header-meta":"","header-above-stick-meta":"","header-main-stick-meta":"","header-below-stick-meta":"","astra-migrate-meta-layouts":"default","ast-page-background-enabled":"default","ast-page-background-meta":{"desktop":{"background-color":"var(--ast-global-color-5)","background-image":"","background-repeat":"repeat","background-position":"center center","background-size":"auto","background-attachment":"scroll","background-type":"","background-media":"","overlay-type":"","overlay-color":"","overlay-opacity":"","overlay-gradient":""},"tablet":{"background-color":"","background-image":"","background-repeat":"repeat","background-position":"center center","background-size":"auto","background-attachment":"scroll","background-type":"","background-media":"","overlay-type":"","overlay-color":"","overlay-opacity":"","overlay-gradient":""},"mobile":{"background-color":"","background-image":"","background-repeat":"repeat","background-position":"center center","background-size":"auto","background-attachment":"scroll","background-type":"","background-media":"","overlay-type":"","overlay-color":"","overlay-opacity":"","overlay-gradient":""}},"ast-content-background-meta":{"desktop":{"background-color":"var(--ast-global-color-4)","background-image":"","background-repeat":"repeat","background-position":"center center","background-size":"auto","background-attachment":"scroll","background-type":"","background-media":"","overlay-type":"","overlay-color":"","overlay-opacity":"","overlay-gradient":""},"tablet":{"background-color":"var(--ast-global-color-4)","background-image":"","background-repeat":"repeat","background-position":"center center","background-size":"auto","background-attachment":"scroll","background-type":"","background-media":"","overlay-type":"","overlay-color":"","overlay-opacity":"","overlay-gradient":""},"mobile":{"background-color":"var(--ast-global-color-4)","background-image":"","background-repeat":"repeat","background-position":"center center","background-size":"auto","background-attachment":"scroll","background-type":"","background-media":"","overlay-type":"","overlay-color":"","overlay-opacity":"","overlay-gradient":""}},"footnotes":""},"class_list":["post-46","page","type-page","status-publish","hentry"],"yoast_head":"<!-- This site is optimized with the Yoast SEO plugin v27.6 - https:\/\/yoast.com\/product\/yoast-seo-wordpress\/ -->\n<title>Notre mission - UPPE \u2013 Union Professionnelle des Podologues \u00e9quins<\/title>\n<meta name=\"robots\" content=\"index, follow, max-snippet:-1, max-image-preview:large, max-video-preview:-1\" \/>\n<link rel=\"canonical\" href=\"https:\/\/uppe-podologue-equin.fr\/wp\/notre-mission\/\" \/>\n<meta property=\"og:locale\" content=\"fr_FR\" \/>\n<meta property=\"og:type\" content=\"article\" \/>\n<meta property=\"og:title\" content=\"Notre mission - UPPE \u2013 Union Professionnelle des Podologues \u00e9quins\" \/>\n<meta property=\"og:description\" content=\"L\u2019Union Professionnelle des Podologues \u00c9quins (UPPE) travaille pour l&rsquo;encadrement, la r\u00e9gularisation et la structuration de la profession \u00e9mergente de Podologue [&hellip;]\" \/>\n<meta property=\"og:url\" content=\"https:\/\/uppe-podologue-equin.fr\/wp\/notre-mission\/\" \/>\n<meta property=\"og:site_name\" content=\"UPPE \u2013 Union Professionnelle des Podologues \u00e9quins\" \/>\n<meta property=\"article:publisher\" content=\"https:\/\/www.facebook.com\/UnionProfessionnelleDesPodologuesEquins\" \/>\n<meta property=\"article:modified_time\" content=\"2026-02-17T20:40:11+00:00\" \/>\n<meta name=\"twitter:card\" content=\"summary_large_image\" \/>\n<meta name=\"twitter:label1\" content=\"Dur\u00e9e de lecture estim\u00e9e\" \/>\n\t<meta name=\"twitter:data1\" content=\"2 minutes\" \/>\n<script type=\"application\/ld+json\" class=\"yoast-schema-graph\">{\"@context\":\"https:\\\/\\\/schema.org\",\"@graph\":[{\"@type\":\"WebPage\",\"@id\":\"https:\\\/\\\/uppe-podologue-equin.fr\\\/wp\\\/notre-mission\\\/\",\"url\":\"https:\\\/\\\/uppe-podologue-equin.fr\\\/wp\\\/notre-mission\\\/\",\"name\":\"Notre mission - UPPE \u2013 Union Professionnelle des Podologues \u00e9quins\",\"isPartOf\":{\"@id\":\"https:\\\/\\\/uppe-podologue-equin.fr\\\/wp\\\/#website\"},\"primaryImageOfPage\":{\"@id\":\"https:\\\/\\\/uppe-podologue-equin.fr\\\/wp\\\/notre-mission\\\/#primaryimage\"},\"image\":{\"@id\":\"https:\\\/\\\/uppe-podologue-equin.fr\\\/wp\\\/notre-mission\\\/#primaryimage\"},\"thumbnailUrl\":\"https:\\\/\\\/uppe-podologue-equin.fr\\\/wp\\\/wp-content\\\/uploads\\\/2026\\\/02\\\/DSCN7498-1-1024x507.jpg\",\"datePublished\":\"2025-10-21T14:17:17+00:00\",\"dateModified\":\"2026-02-17T20:40:11+00:00\",\"breadcrumb\":{\"@id\":\"https:\\\/\\\/uppe-podologue-equin.fr\\\/wp\\\/notre-mission\\\/#breadcrumb\"},\"inLanguage\":\"fr-FR\",\"potentialAction\":[{\"@type\":\"ReadAction\",\"target\":[\"https:\\\/\\\/uppe-podologue-equin.fr\\\/wp\\\/notre-mission\\\/\"]}]},{\"@type\":\"ImageObject\",\"inLanguage\":\"fr-FR\",\"@id\":\"https:\\\/\\\/uppe-podologue-equin.fr\\\/wp\\\/notre-mission\\\/#primaryimage\",\"url\":\"https:\\\/\\\/uppe-podologue-equin.fr\\\/wp\\\/wp-content\\\/uploads\\\/2026\\\/02\\\/DSCN7498-1.jpg\",\"contentUrl\":\"https:\\\/\\\/uppe-podologue-equin.fr\\\/wp\\\/wp-content\\\/uploads\\\/2026\\\/02\\\/DSCN7498-1.jpg\",\"width\":2048,\"height\":1014},{\"@type\":\"BreadcrumbList\",\"@id\":\"https:\\\/\\\/uppe-podologue-equin.fr\\\/wp\\\/notre-mission\\\/#breadcrumb\",\"itemListElement\":[{\"@type\":\"ListItem\",\"position\":1,\"name\":\"Home\",\"item\":\"https:\\\/\\\/uppe-podologue-equin.fr\\\/wp\\\/\"},{\"@type\":\"ListItem\",\"position\":2,\"name\":\"Notre mission\"}]},{\"@type\":\"WebSite\",\"@id\":\"https:\\\/\\\/uppe-podologue-equin.fr\\\/wp\\\/#website\",\"url\":\"https:\\\/\\\/uppe-podologue-equin.fr\\\/wp\\\/\",\"name\":\"UPPE \u2013 Union Professionnelle des Podologues \u00e9quins\",\"description\":\"\",\"publisher\":{\"@id\":\"https:\\\/\\\/uppe-podologue-equin.fr\\\/wp\\\/#organization\"},\"potentialAction\":[{\"@type\":\"SearchAction\",\"target\":{\"@type\":\"EntryPoint\",\"urlTemplate\":\"https:\\\/\\\/uppe-podologue-equin.fr\\\/wp\\\/?s={search_term_string}\"},\"query-input\":{\"@type\":\"PropertyValueSpecification\",\"valueRequired\":true,\"valueName\":\"search_term_string\"}}],\"inLanguage\":\"fr-FR\"},{\"@type\":\"Organization\",\"@id\":\"https:\\\/\\\/uppe-podologue-equin.fr\\\/wp\\\/#organization\",\"name\":\"UPPE \u2013 Union Professionnelle des Podologues \u00e9quins\",\"url\":\"https:\\\/\\\/uppe-podologue-equin.fr\\\/wp\\\/\",\"logo\":{\"@type\":\"ImageObject\",\"inLanguage\":\"fr-FR\",\"@id\":\"https:\\\/\\\/uppe-podologue-equin.fr\\\/wp\\\/#\\\/schema\\\/logo\\\/image\\\/\",\"url\":\"https:\\\/\\\/uppe-podologue-equin.fr\\\/wp\\\/wp-content\\\/uploads\\\/2025\\\/12\\\/cropped-icone-e1764945525126-1.png\",\"contentUrl\":\"https:\\\/\\\/uppe-podologue-equin.fr\\\/wp\\\/wp-content\\\/uploads\\\/2025\\\/12\\\/cropped-icone-e1764945525126-1.png\",\"width\":1200,\"height\":287,\"caption\":\"UPPE \u2013 Union Professionnelle des Podologues \u00e9quins\"},\"image\":{\"@id\":\"https:\\\/\\\/uppe-podologue-equin.fr\\\/wp\\\/#\\\/schema\\\/logo\\\/image\\\/\"},\"sameAs\":[\"https:\\\/\\\/www.facebook.com\\\/UnionProfessionnelleDesPodologuesEquins\"]}]}<\/script>\n<!-- \/ Yoast SEO plugin. -->","yoast_head_json":{"title":"Notre mission - UPPE \u2013 Union Professionnelle des Podologues \u00e9quins","robots":{"index":"index","follow":"follow","max-snippet":"max-snippet:-1","max-image-preview":"max-image-preview:large","max-video-preview":"max-video-preview:-1"},"canonical":"https:\/\/uppe-podologue-equin.fr\/wp\/notre-mission\/","og_locale":"fr_FR","og_type":"article","og_title":"Notre mission - UPPE \u2013 Union Professionnelle des Podologues \u00e9quins","og_description":"L\u2019Union Professionnelle des Podologues \u00c9quins (UPPE) travaille pour l&rsquo;encadrement, la r\u00e9gularisation et la structuration de la profession \u00e9mergente de Podologue [&hellip;]","og_url":"https:\/\/uppe-podologue-equin.fr\/wp\/notre-mission\/","og_site_name":"UPPE \u2013 Union Professionnelle des Podologues \u00e9quins","article_publisher":"https:\/\/www.facebook.com\/UnionProfessionnelleDesPodologuesEquins","article_modified_time":"2026-02-17T20:40:11+00:00","twitter_card":"summary_large_image","twitter_misc":{"Dur\u00e9e de lecture estim\u00e9e":"2 minutes"},"schema":{"@context":"https:\/\/schema.org","@graph":[{"@type":"WebPage","@id":"https:\/\/uppe-podologue-equin.fr\/wp\/notre-mission\/","url":"https:\/\/uppe-podologue-equin.fr\/wp\/notre-mission\/","name":"Notre mission - UPPE \u2013 Union Professionnelle des Podologues \u00e9quins","isPartOf":{"@id":"https:\/\/uppe-podologue-equin.fr\/wp\/#website"},"primaryImageOfPage":{"@id":"https:\/\/uppe-podologue-equin.fr\/wp\/notre-mission\/#primaryimage"},"image":{"@id":"https:\/\/uppe-podologue-equin.fr\/wp\/notre-mission\/#primaryimage"},"thumbnailUrl":"https:\/\/uppe-podologue-equin.fr\/wp\/wp-content\/uploads\/2026\/02\/DSCN7498-1-1024x507.jpg","datePublished":"2025-10-21T14:17:17+00:00","dateModified":"2026-02-17T20:40:11+00:00","breadcrumb":{"@id":"https:\/\/uppe-podologue-equin.fr\/wp\/notre-mission\/#breadcrumb"},"inLanguage":"fr-FR","potentialAction":[{"@type":"ReadAction","target":["https:\/\/uppe-podologue-equin.fr\/wp\/notre-mission\/"]}]},{"@type":"ImageObject","inLanguage":"fr-FR","@id":"https:\/\/uppe-podologue-equin.fr\/wp\/notre-mission\/#primaryimage","url":"https:\/\/uppe-podologue-equin.fr\/wp\/wp-content\/uploads\/2026\/02\/DSCN7498-1.jpg","contentUrl":"https:\/\/uppe-podologue-equin.fr\/wp\/wp-content\/uploads\/2026\/02\/DSCN7498-1.jpg","width":2048,"height":1014},{"@type":"BreadcrumbList","@id":"https:\/\/uppe-podologue-equin.fr\/wp\/notre-mission\/#breadcrumb","itemListElement":[{"@type":"ListItem","position":1,"name":"Home","item":"https:\/\/uppe-podologue-equin.fr\/wp\/"},{"@type":"ListItem","position":2,"name":"Notre mission"}]},{"@type":"WebSite","@id":"https:\/\/uppe-podologue-equin.fr\/wp\/#website","url":"https:\/\/uppe-podologue-equin.fr\/wp\/","name":"UPPE \u2013 Union Professionnelle des Podologues \u00e9quins","description":"","publisher":{"@id":"https:\/\/uppe-podologue-equin.fr\/wp\/#organization"},"potentialAction":[{"@type":"SearchAction","target":{"@type":"EntryPoint","urlTemplate":"https:\/\/uppe-podologue-equin.fr\/wp\/?s={search_term_string}"},"query-input":{"@type":"PropertyValueSpecification","valueRequired":true,"valueName":"search_term_string"}}],"inLanguage":"fr-FR"},{"@type":"Organization","@id":"https:\/\/uppe-podologue-equin.fr\/wp\/#organization","name":"UPPE \u2013 Union Professionnelle des Podologues \u00e9quins","url":"https:\/\/uppe-podologue-equin.fr\/wp\/","logo":{"@type":"ImageObject","inLanguage":"fr-FR","@id":"https:\/\/uppe-podologue-equin.fr\/wp\/#\/schema\/logo\/image\/","url":"https:\/\/uppe-podologue-equin.fr\/wp\/wp-content\/uploads\/2025\/12\/cropped-icone-e1764945525126-1.png","contentUrl":"https:\/\/uppe-podologue-equin.fr\/wp\/wp-content\/uploads\/2025\/12\/cropped-icone-e1764945525126-1.png","width":1200,"height":287,"caption":"UPPE \u2013 Union Professionnelle des Podologues \u00e9quins"},"image":{"@id":"https:\/\/uppe-podologue-equin.fr\/wp\/#\/schema\/logo\/image\/"},"sameAs":["https:\/\/www.facebook.com\/UnionProfessionnelleDesPodologuesEquins"]}]}},"_links":{"self":[{"href":"https:\/\/uppe-podologue-equin.fr\/wp\/wp-json\/wp\/v2\/pages\/46","targetHints":{"allow":["GET"]}}],"collection":[{"href":"https:\/\/uppe-podologue-equin.fr\/wp\/wp-json\/wp\/v2\/pages"}],"about":[{"href":"https:\/\/uppe-podologue-equin.fr\/wp\/wp-json\/wp\/v2\/types\/page"}],"author":[{"embeddable":true,"href":"https:\/\/uppe-podologue-equin.fr\/wp\/wp-json\/wp\/v2\/users\/1"}],"replies":[{"embeddable":true,"href":"https:\/\/uppe-podologue-equin.fr\/wp\/wp-json\/wp\/v2\/comments?post=46"}],"version-history":[{"count":18,"href":"https:\/\/uppe-podologue-equin.fr\/wp\/wp-json\/wp\/v2\/pages\/46\/revisions"}],"predecessor-version":[{"id":1040,"href":"https:\/\/uppe-podologue-equin.fr\/wp\/wp-json\/wp\/v2\/pages\/46\/revisions\/1040"}],"wp:attachment":[{"href":"https:\/\/uppe-podologue-equin.fr\/wp\/wp-json\/wp\/v2\/media?parent=46"}],"curies":[{"name":"wp","href":"https:\/\/api.w.org\/{rel}","templated":true}]}}